{"id":49,"date":"2026-03-07T17:05:24","date_gmt":"2026-03-07T17:05:24","guid":{"rendered":"https:\/\/peru-dogfish-756180.hostingersite.com\/?post_type=product&#038;p=49"},"modified":"2026-03-25T13:41:45","modified_gmt":"2026-03-25T13:41:45","slug":"sun-kissed-aromatix-x-french-avenue-parfum-unisexe-100ml","status":"publish","type":"product","link":"https:\/\/ammouriparfums.com\/ar\/product\/sun-kissed-aromatix-x-french-avenue-parfum-unisexe-100ml\/","title":{"rendered":"Sun Kissed Aromatix X French Avenue Parfum Unisexe 100ml"},"content":{"rendered":"<section>\n<h2>\ud83e\udded Pyramide olfactive : un cocktail solaire effervescent<\/h2>\n<p>Ce parfum\u00a0<strong>unisexe<\/strong>\u00a0propose une \u00e9volution rafra\u00eechissante et textur\u00e9e, parfaite pour les journ\u00e9es ensoleill\u00e9es :<\/p>\n<ul>\n<li><strong>Notes de t\u00eate :<\/strong>\u00a0orange am\u00e8re, pomelo et bergamote (une explosion d\u2019agrumes juteuse et zest\u00e9e).<\/li>\n<li><strong>Notes de c\u0153ur :<\/strong>\u00a0th\u00e9, cream soda, Aperol et cardamome (un c\u0153ur cocktail, p\u00e9tillant et \u00e9pic\u00e9, \u00e9voquant la douceur de vivre).<\/li>\n<li><strong>Notes de fond :<\/strong>\u00a0bois de c\u00e8dre, ambertonic, v\u00e9tiver, vanille et cashmeran (un sillage bois\u00e9-ambr\u00e9 doux, rappelant la peau chauff\u00e9e par le soleil).<\/li>\n<\/ul>\n<\/section>\n<section>\n<h2>\ud83d\ude80 Fiche technique &amp; performance<\/h2>\n<\/section>","protected":false},"excerpt":{"rendered":"<p>\ud83e\udded Pyramide olfactive : un cocktail solaire effervescent Ce parfum\u00a0unisexe\u00a0propose une \u00e9volution rafra\u00eechissante et textur\u00e9e, parfaite pour les journ\u00e9es ensoleill\u00e9es [&hellip;]<\/p>\n","protected":false},"featured_media":50,"comment_status":"open","ping_status":"closed","template":"","meta":[],"product_brand":[],"product_cat":[16],"product_tag":[],"class_list":{"0":"post-49","1":"product","2":"type-product","3":"status-publish","4":"has-post-thumbnail","6":"product_cat-homme","8":"first","9":"instock","10":"featured","11":"shipping-taxable","12":"purchasable","13":"product-type-simple"},"_links":{"self":[{"href":"https:\/\/ammouriparfums.com\/ar\/wp-json\/wp\/v2\/product\/49","targetHints":{"allow":["GET"]}}],"collection":[{"href":"https:\/\/ammouriparfums.com\/ar\/wp-json\/wp\/v2\/product"}],"about":[{"href":"https:\/\/ammouriparfums.com\/ar\/wp-json\/wp\/v2\/types\/product"}],"replies":[{"embeddable":true,"href":"https:\/\/ammouriparfums.com\/ar\/wp-json\/wp\/v2\/comments?post=49"}],"wp:featuredmedia":[{"embeddable":true,"href":"https:\/\/ammouriparfums.com\/ar\/wp-json\/wp\/v2\/media\/50"}],"wp:attachment":[{"href":"https:\/\/ammouriparfums.com\/ar\/wp-json\/wp\/v2\/media?parent=49"}],"wp:term":[{"taxonomy":"product_brand","embeddable":true,"href":"https:\/\/ammouriparfums.com\/ar\/wp-json\/wp\/v2\/product_brand?post=49"},{"taxonomy":"product_cat","embeddable":true,"href":"https:\/\/ammouriparfums.com\/ar\/wp-json\/wp\/v2\/product_cat?post=49"},{"taxonomy":"product_tag","embeddable":true,"href":"https:\/\/ammouriparfums.com\/ar\/wp-json\/wp\/v2\/product_tag?post=49"}],"curies":[{"name":"wp","href":"https:\/\/api.w.org\/{rel}","templated":true}]}}