{"id":38,"date":"2026-03-07T16:15:19","date_gmt":"2026-03-07T16:15:19","guid":{"rendered":"https:\/\/peru-dogfish-756180.hostingersite.com\/?post_type=product&#038;p=38"},"modified":"2026-04-08T16:03:18","modified_gmt":"2026-04-08T16:03:18","slug":"absolutely","status":"publish","type":"product","link":"https:\/\/ammouriparfums.com\/ar\/product\/absolutely\/","title":{"rendered":"ABSOLUTELY 100ml"},"content":{"rendered":"<p><b>Emporio Armani Stronger With You Absolutely<\/b>\u00a0de\u00a0<b>Giorgio Armani<\/b> est un parfum oriental foug\u00e8re pour homme. <b>Emporio Armani Stronger With You Absolutely<\/b> a \u00e9t\u00e9 lanc\u00e9 en 2021. Les notes de t\u00eate sont Rhum, \u00c9l\u00e9mi et Bergamote; les notes de c\u0153ur sont Lavande et Davana; les notes de fond sont Vanille de Madagascar, Ch\u00e2taigne, C\u00e8dre et Patchouli.<\/p>","protected":false},"excerpt":{"rendered":"<p>Emporio Armani Stronger With You Absolutely\u00a0de\u00a0Giorgio Armani est un parfum oriental foug\u00e8re pour homme. Emporio Armani Stronger With You Absolutely [&hellip;]<\/p>\n","protected":false},"featured_media":39,"comment_status":"open","ping_status":"closed","template":"","meta":[],"product_brand":[],"product_cat":[15],"product_tag":[],"class_list":{"0":"post-38","1":"product","2":"type-product","3":"status-publish","4":"has-post-thumbnail","6":"product_cat-unisex","8":"first","9":"instock","10":"featured","11":"shipping-taxable","12":"purchasable","13":"product-type-simple"},"_links":{"self":[{"href":"https:\/\/ammouriparfums.com\/ar\/wp-json\/wp\/v2\/product\/38","targetHints":{"allow":["GET"]}}],"collection":[{"href":"https:\/\/ammouriparfums.com\/ar\/wp-json\/wp\/v2\/product"}],"about":[{"href":"https:\/\/ammouriparfums.com\/ar\/wp-json\/wp\/v2\/types\/product"}],"replies":[{"embeddable":true,"href":"https:\/\/ammouriparfums.com\/ar\/wp-json\/wp\/v2\/comments?post=38"}],"wp:featuredmedia":[{"embeddable":true,"href":"https:\/\/ammouriparfums.com\/ar\/wp-json\/wp\/v2\/media\/39"}],"wp:attachment":[{"href":"https:\/\/ammouriparfums.com\/ar\/wp-json\/wp\/v2\/media?parent=38"}],"wp:term":[{"taxonomy":"product_brand","embeddable":true,"href":"https:\/\/ammouriparfums.com\/ar\/wp-json\/wp\/v2\/product_brand?post=38"},{"taxonomy":"product_cat","embeddable":true,"href":"https:\/\/ammouriparfums.com\/ar\/wp-json\/wp\/v2\/product_cat?post=38"},{"taxonomy":"product_tag","embeddable":true,"href":"https:\/\/ammouriparfums.com\/ar\/wp-json\/wp\/v2\/product_tag?post=38"}],"curies":[{"name":"wp","href":"https:\/\/api.w.org\/{rel}","templated":true}]}}